{"id":228,"date":"2026-03-23T07:48:12","date_gmt":"2026-03-23T07:48:12","guid":{"rendered":"https:\/\/ekiz-kirchdorf.at\/?page_id=228"},"modified":"2026-03-23T07:48:13","modified_gmt":"2026-03-23T07:48:13","slug":"informationen","status":"publish","type":"page","link":"https:\/\/ekiz-kirchdorf.at\/?page_id=228","title":{"rendered":"Informationen"},"content":{"rendered":"\n<p><strong>Anmeldebedingungen:<br><\/strong>F\u00fcr alle Veranstaltungen ist eine Anmeldung erforderlich und telefonisch unter 07582\/51870 oder per Email an: info@ekiz-kirchdorf.at m\u00f6glich. Jede Anmeldung<br>ist verbindlich!!! Keine An- und Abmeldungen \u00fcber Facebook m\u00f6glich!<br><br><strong>Bezahlung:<\/strong><br>Beitr\u00e4ge sind bis sp\u00e4testens eine Woche vor Kursbeginn zu \u00fcberweisen. Konto: Verein Eltern-Kind-Zentrum \u201eBrummkreisel\u201c, Sparkasse O\u00d6, <br>IBAN AT62 2032 0200 0001 2649, BIC ASPKAT2L<br>Bitte unbedingt Name\/Vorname und Titel der Veranstaltung angeben. Bereits die Anmeldung ist verbindlich und verpflichtet zur Einzahlung des Kursbeitrages.<br><br><strong>Abmeldebedingungen:<\/strong><br>Als gemeinn\u00fctziger Verein arbeiten wir nicht gewinnbringend und kalkulieren die Kursbeitr\u00e4ge daher nur mit minimaler Abdeckung unserer Kosten. Jeder Ausfall von Teilnehmern ist f\u00fcr uns daher mit Verlusten verbunden! Eine Abmeldung ist aus diesem Grund nur bis sp\u00e4testens 7 Tage vor Kursbeginn kostenlos m\u00f6glich. Bei sp\u00e4terer Abmeldung bzw. Nichtteilnahme ist der volle Beitrag zu bezahlen, wenn es nicht gelingt rechtzeitig Ersatzteilnehmer zu finden. Bei Krankheit oder vorzeitigem Kursabbruch k\u00f6nnen wir leider keine Beitr\u00e4ge r\u00fcckerstatten.<br><br><strong>Ausfall von Veranstaltungen:<\/strong><br>Sollte eine Veranstaltung entfallen, erstatten wir einbezahlte (Teil-)Betr\u00e4ge zur\u00fcck.<br><br><strong>Sonstiges:<\/strong><br>Preis- und Termin\u00e4nderungen, bzw. Absage einer Veranstaltung, wie auch Spielgruppenleiterwechsel w\u00e4hrend des Vereinsjahres bleiben dem Verein Eltern-Kind-Zentrum \u201eBrummkreisel\u201c vorbehalten. Wir weisen als Veranstalter darauf hin, dass die Kursleiter:innen f\u00fcr die Veranstaltungen und deren Inhalte die alleinige Verantwortung tragen. Die Inhalte spiegeln nicht zwingend die Meinung des Veranstalters wider.<br><br><strong>Fotos:<\/strong><br>Wir m\u00f6chten darauf hinweisen, dass bei vielen Veranstaltungen im Eltern-Kind-Zentrum fotografiert wird und die Fotos f\u00fcr Werbezwecke des Eltern-Kind-Zentrums verwendet werden k\u00f6nnen.<br><br><strong>Erm\u00e4\u00dfigungen:<\/strong><br>F\u00fcr Kinder mit besonderen Bed\u00fcrfnissen, Geschwister- und Mehrlingskinder gibt es bei ausgew\u00e4hlten Veranstaltungen Verg\u00fcnstigungen. N\u00e4here Auskunft auf Anfrage.<br><br><strong>Haftung:<\/strong><br>Eltern haften f\u00fcr ihre Kinder! Wir weisen darauf hin, dass bei allen Veranstaltungen des Eltern-Kind-Zentrums die Aufsichtspflicht immer bei den anwesenden Begleitpersonen und nicht bei den Mitarbeiter:innen \/ Kursleiter:innen liegt.<br><br><strong>Elternbildungskalender:<\/strong><br>Im Umkreis von Kirchdorf gibt es viele Elternbildungsveranstalter &#8211; aus diesem Grund wurde ein gemeinsamer Kalender erstellt. Dieser soll den \u00dcberblick \u00fcber die verschiedenen Angebote in der Elternbildung erleichtern. Er kann auf unserer Webseite heruntergeladen werden.<br><br><strong>Datenschutz (DSGVO):<\/strong><br>Mit der Anmeldung stimmst du einer Verarbeitung und Speicherung deiner pers\u00f6nlichen<br>Daten laut DSGVO zu.<\/p>\n\n\n\n<p><strong>Datenschutzerkl\u00e4rung<\/strong><br>Der Schutz der individuellen Privatsph\u00e4re bei der Verarbeitung personenbezogener Daten ist f\u00fcr uns ein wichtiges Anliegen, das wir bei unseren Gesch\u00e4ftsprozessen mit hoher Aufmerksamkeit ber\u00fccksichtigen. Jede Kursanmeldung ist ein Vertragsabschluss. Mit einer Anmeldung stimmst du den Allgemeinen Gesch\u00e4ftsbedingungen des Eltern-Kind-Zentrums \u201eBrummkreisel\u201c und dieser Datenschutzerkl\u00e4rung zu und erteilst somit die Zustimmung zur elektronischen Verarbeitung deiner personenbezogenen Daten f\u00fcr folgende Zwecke: Vertragserf\u00fcllung, Verrechnung, Geltendmachung der Vertragsanspr\u00fcche, zur \u00dcbermittlung von kursrelevanten Informationen (z.B. Kursbeginn, Kursabsage\/-verschiebung), zur altersgem\u00e4\u00dfen Kurseinteilung der Kinder, zum Zwecke der Veranstaltungsbewerbung durch Versendung des Programmes (2 x j\u00e4hrlich) und zur \u00dcbermittlung von kursrelevanten Informationen und Veranstaltungsangeboten des EKiZ mittels Email (Newsletter). Wir weisen darauf hin, dass deine Daten nach Kursende nicht automatisch gel\u00f6scht werden. Du kannst von uns jederzeit Auskunft \u00fcber deine gespeicherten bzw. verarbeiteten Daten erhalten (Artikel 15 DSGVO), deren Berichtigung (Artikel 16 DSGVO), L\u00f6schung (Artikel 17 DSGVO) oder Einschr\u00e4nkung der Verarbeitung (Artikel 18 DSGVO) verlangen sowie dein Recht auf Daten\u00fcbertragbarkeit (Artikel 20, 21 DSGVO) geltend machen. Ebenfalls kannst du deine Einwilligungserkl\u00e4rung jederzeit ohne Angabe von Gr\u00fcnden mit Wirkung f\u00fcr die Zukunft \u00e4ndern oder widerrufen (Artikel 7 DSGVO). Wende dich dazu bitte an unsere Kontaktadresse.<\/p>\n\n\n\n<p><\/p>\n\n\n\n<p><\/p>\n","protected":false},"excerpt":{"rendered":"<p>Anmeldebedingungen:F\u00fcr alle Veranstaltungen ist eine Anmeldung erforderlich und telefonisch unter 07582\/51870 oder per Email an: info@ekiz-kirchdorf.at m\u00f6glich. Jede Anmeldungist verbindlich!!! Keine An- und Abmeldungen \u00fcber Facebook m\u00f6glich! Bezahlung:Beitr\u00e4ge sind bis&hellip;&nbsp;<a href=\"https:\/\/ekiz-kirchdorf.at\/?page_id=228\" rel=\"bookmark\"><span class=\"screen-reader-text\">Informationen<\/span><\/a><\/p>\n","protected":false},"author":2,"featured_media":0,"parent":0,"menu_order":0,"comment_status":"closed","ping_status":"closed","template":"","meta":{"neve_meta_sidebar":"","neve_meta_container":"","neve_meta_enable_content_width":"","neve_meta_content_width":0,"neve_meta_title_alignment":"","neve_meta_author_avatar":"","neve_post_elements_order":"","neve_meta_disable_header":"","neve_meta_disable_footer":"","neve_meta_disable_title":"","footnotes":""},"class_list":["post-228","page","type-page","status-publish","hentry"],"_links":{"self":[{"href":"https:\/\/ekiz-kirchdorf.at\/index.php?rest_route=\/wp\/v2\/pages\/228","targetHints":{"allow":["GET"]}}],"collection":[{"href":"https:\/\/ekiz-kirchdorf.at\/index.php?rest_route=\/wp\/v2\/pages"}],"about":[{"href":"https:\/\/ekiz-kirchdorf.at\/index.php?rest_route=\/wp\/v2\/types\/page"}],"author":[{"embeddable":true,"href":"https:\/\/ekiz-kirchdorf.at\/index.php?rest_route=\/wp\/v2\/users\/2"}],"replies":[{"embeddable":true,"href":"https:\/\/ekiz-kirchdorf.at\/index.php?rest_route=%2Fwp%2Fv2%2Fcomments&post=228"}],"version-history":[{"count":1,"href":"https:\/\/ekiz-kirchdorf.at\/index.php?rest_route=\/wp\/v2\/pages\/228\/revisions"}],"predecessor-version":[{"id":229,"href":"https:\/\/ekiz-kirchdorf.at\/index.php?rest_route=\/wp\/v2\/pages\/228\/revisions\/229"}],"wp:attachment":[{"href":"https:\/\/ekiz-kirchdorf.at\/index.php?rest_route=%2Fwp%2Fv2%2Fmedia&parent=228"}],"curies":[{"name":"wp","href":"https:\/\/api.w.org\/{rel}","templated":true}]}}