{"id":90,"date":"2026-02-26T08:54:28","date_gmt":"2026-02-26T08:54:28","guid":{"rendered":"https:\/\/ekiz-kirchdorf.at\/?page_id=90"},"modified":"2026-02-26T10:02:28","modified_gmt":"2026-02-26T10:02:28","slug":"herzlich-willkommen","status":"publish","type":"page","link":"https:\/\/ekiz-kirchdorf.at\/","title":{"rendered":"Home"},"content":{"rendered":"\n<p><\/p>\n\n\n\n<p><\/p>\n\n\n\n<p><strong>Unser aktuelles Fr\u00fchjahrsprogramm 2026:<\/strong><\/p>\n\n\n\n<figure class=\"wp-block-image size-full is-resized\"><img loading=\"lazy\" decoding=\"async\" width=\"425\" height=\"608\" src=\"https:\/\/ekiz-kirchdorf.at\/wp-content\/uploads\/2026\/02\/Programm-Fruehjahr-2026.jpg\" alt=\"\" class=\"wp-image-23\" style=\"aspect-ratio:0.6990603164404465;width:105px;height:auto\" srcset=\"https:\/\/ekiz-kirchdorf.at\/wp-content\/uploads\/2026\/02\/Programm-Fruehjahr-2026.jpg 425w, https:\/\/ekiz-kirchdorf.at\/wp-content\/uploads\/2026\/02\/Programm-Fruehjahr-2026-210x300.jpg 210w\" sizes=\"auto, (max-width: 425px) 100vw, 425px\" \/><\/figure>\n\n\n\n<p><a href=\"https:\/\/ekiz-kirchdorf.at\/wp-content\/uploads\/2026\/02\/Programm-Fruehjahr-2026.pdf\">Zum Downloaden hier klicken!<\/a><\/p>\n\n\n\n<p><\/p>\n\n\n\n<p><a href=\"https:\/\/ekiz-kirchdorf.at\/wp-content\/uploads\/2026\/02\/Elternbildungskalender-Jaenner-Juli-2026.pdf\">Hier <\/a>findet ihr eine \u00dcbersicht \u00fcber alle Elternbildungsveranstaltungen in der Region Kirchdorf!<\/p>\n\n\n\n<p><\/p>\n","protected":false},"excerpt":{"rendered":"<p>Unser aktuelles Fr\u00fchjahrsprogramm 2026: Zum Downloaden hier klicken! Hier findet ihr eine \u00dcbersicht \u00fcber alle Elternbildungsveranstaltungen in der Region Kirchdorf!<\/p>\n","protected":false},"author":2,"featured_media":0,"parent":0,"menu_order":0,"comment_status":"closed","ping_status":"closed","template":"","meta":{"neve_meta_sidebar":"","neve_meta_container":"","neve_meta_enable_content_width":"","neve_meta_content_width":0,"neve_meta_title_alignment":"","neve_meta_author_avatar":"","neve_post_elements_order":"","neve_meta_disable_header":"","neve_meta_disable_footer":"","neve_meta_disable_title":"","footnotes":""},"class_list":["post-90","page","type-page","status-publish","hentry"],"_links":{"self":[{"href":"https:\/\/ekiz-kirchdorf.at\/index.php?rest_route=\/wp\/v2\/pages\/90","targetHints":{"allow":["GET"]}}],"collection":[{"href":"https:\/\/ekiz-kirchdorf.at\/index.php?rest_route=\/wp\/v2\/pages"}],"about":[{"href":"https:\/\/ekiz-kirchdorf.at\/index.php?rest_route=\/wp\/v2\/types\/page"}],"author":[{"embeddable":true,"href":"https:\/\/ekiz-kirchdorf.at\/index.php?rest_route=\/wp\/v2\/users\/2"}],"replies":[{"embeddable":true,"href":"https:\/\/ekiz-kirchdorf.at\/index.php?rest_route=%2Fwp%2Fv2%2Fcomments&post=90"}],"version-history":[{"count":4,"href":"https:\/\/ekiz-kirchdorf.at\/index.php?rest_route=\/wp\/v2\/pages\/90\/revisions"}],"predecessor-version":[{"id":217,"href":"https:\/\/ekiz-kirchdorf.at\/index.php?rest_route=\/wp\/v2\/pages\/90\/revisions\/217"}],"wp:attachment":[{"href":"https:\/\/ekiz-kirchdorf.at\/index.php?rest_route=%2Fwp%2Fv2%2Fmedia&parent=90"}],"curies":[{"name":"wp","href":"https:\/\/api.w.org\/{rel}","templated":true}]}}